{"id":6,"date":"2024-05-10T23:13:47","date_gmt":"2024-05-10T20:13:47","guid":{"rendered":"https:\/\/bestuspilavitumaislandi.com\/?page_id=6"},"modified":"2024-06-21T16:03:51","modified_gmt":"2024-06-21T13:03:51","slug":"home-page","status":"publish","type":"page","link":"https:\/\/bestuspilavitumaislandi.com\/is\/","title":{"rendered":"Home page"},"content":{"rendered":"","protected":false},"excerpt":{"rendered":"","protected":false},"author":1,"featured_media":0,"parent":0,"menu_order":0,"comment_status":"closed","ping_status":"closed","template":"page-home.php","meta":{"_acf_changed":false,"inline_featured_image":false,"footnotes":""},"class_list":["post-6","page","type-page","status-publish","hentry"],"acf":[],"yoast_head":"<!-- This site is optimized with the Yoast SEO plugin v27.4 - https:\/\/yoast.com\/product\/yoast-seo-wordpress\/ -->\n<title>Bestu valkostir \u00e1 netinu spilav\u00edtum \u00e1 \u00cdslandi fyrir 2024<\/title>\n<meta name=\"description\" content=\"Uppg\u00f6tva\u00f0u bestu valkostina fyrir netspilav\u00edti \u00e1 \u00cdslandi fyrir 2024. Kynntu \u00fe\u00e9r bestu spilav\u00edtin sem bj\u00f3\u00f0a upp \u00e1 spennandi leiki, rausnarlegar b\u00f3nusa og \u00f6rugga spilunarupplifun\" \/>\n<meta name=\"robots\" content=\"index, follow, max-snippet:-1, max-image-preview:large, max-video-preview:-1\" \/>\n<link rel=\"canonical\" href=\"https:\/\/bestuspilavitumaislandi.com\/is\/\" \/>\n<meta property=\"og:locale\" content=\"is_IS\" \/>\n<meta property=\"og:locale:alternate\" content=\"en_GB\" \/>\n<meta property=\"og:type\" content=\"article\" \/>\n<meta property=\"og:title\" content=\"Bestu valkostir \u00e1 netinu spilav\u00edtum \u00e1 \u00cdslandi fyrir 2024\" \/>\n<meta property=\"og:description\" content=\"Uppg\u00f6tva\u00f0u bestu valkostina fyrir netspilav\u00edti \u00e1 \u00cdslandi fyrir 2024. Kynntu \u00fe\u00e9r bestu spilav\u00edtin sem bj\u00f3\u00f0a upp \u00e1 spennandi leiki, rausnarlegar b\u00f3nusa og \u00f6rugga spilunarupplifun\" \/>\n<meta property=\"og:url\" content=\"https:\/\/bestuspilavitumaislandi.com\/is\/\" \/>\n<meta property=\"og:site_name\" content=\"bestuspilavitumaislandi\" \/>\n<meta property=\"article:modified_time\" content=\"2024-06-21T13:03:51+00:00\" \/>\n<meta name=\"twitter:card\" content=\"summary_large_image\" \/>\n<script type=\"application\/ld+json\" class=\"yoast-schema-graph\">{\"@context\":\"https:\\\/\\\/schema.org\",\"@graph\":[{\"@type\":\"WebPage\",\"@id\":\"https:\\\/\\\/bestuspilavitumaislandi.com\\\/\",\"url\":\"https:\\\/\\\/bestuspilavitumaislandi.com\\\/\",\"name\":\"Bestu valkostir \u00e1 netinu spilav\u00edtum \u00e1 \u00cdslandi fyrir 2024\",\"isPartOf\":{\"@id\":\"https:\\\/\\\/bestuspilavitumaislandi.com\\\/#website\"},\"datePublished\":\"2024-05-10T20:13:47+00:00\",\"dateModified\":\"2024-06-21T13:03:51+00:00\",\"description\":\"Uppg\u00f6tva\u00f0u bestu valkostina fyrir netspilav\u00edti \u00e1 \u00cdslandi fyrir 2024. Kynntu \u00fe\u00e9r bestu spilav\u00edtin sem bj\u00f3\u00f0a upp \u00e1 spennandi leiki, rausnarlegar b\u00f3nusa og \u00f6rugga spilunarupplifun\",\"breadcrumb\":{\"@id\":\"https:\\\/\\\/bestuspilavitumaislandi.com\\\/#breadcrumb\"},\"inLanguage\":\"is-IS\",\"potentialAction\":[{\"@type\":\"ReadAction\",\"target\":[\"https:\\\/\\\/bestuspilavitumaislandi.com\\\/\"]}]},{\"@type\":\"BreadcrumbList\",\"@id\":\"https:\\\/\\\/bestuspilavitumaislandi.com\\\/#breadcrumb\",\"itemListElement\":[{\"@type\":\"ListItem\",\"position\":1,\"name\":\"\u0413\u043b\u0430\u0432\u043d\u0430\u044f \u0441\u0442\u0440\u0430\u043d\u0438\u0446\u0430\",\"item\":\"https:\\\/\\\/bestuspilavitumaislandi.com\\\/\"},{\"@type\":\"ListItem\",\"position\":2,\"name\":\"Home page\"}]},{\"@type\":\"WebSite\",\"@id\":\"https:\\\/\\\/bestuspilavitumaislandi.com\\\/#website\",\"url\":\"https:\\\/\\\/bestuspilavitumaislandi.com\\\/\",\"name\":\"bestuspilavitumaislandi\",\"description\":\"\",\"potentialAction\":[{\"@type\":\"SearchAction\",\"target\":{\"@type\":\"EntryPoint\",\"urlTemplate\":\"https:\\\/\\\/bestuspilavitumaislandi.com\\\/?s={search_term_string}\"},\"query-input\":{\"@type\":\"PropertyValueSpecification\",\"valueRequired\":true,\"valueName\":\"search_term_string\"}}],\"inLanguage\":\"is-IS\"}]}<\/script>\n<!-- \/ Yoast SEO plugin. -->","yoast_head_json":{"title":"Bestu valkostir \u00e1 netinu spilav\u00edtum \u00e1 \u00cdslandi fyrir 2024","description":"Uppg\u00f6tva\u00f0u bestu valkostina fyrir netspilav\u00edti \u00e1 \u00cdslandi fyrir 2024. Kynntu \u00fe\u00e9r bestu spilav\u00edtin sem bj\u00f3\u00f0a upp \u00e1 spennandi leiki, rausnarlegar b\u00f3nusa og \u00f6rugga spilunarupplifun","robots":{"index":"index","follow":"follow","max-snippet":"max-snippet:-1","max-image-preview":"max-image-preview:large","max-video-preview":"max-video-preview:-1"},"canonical":"https:\/\/bestuspilavitumaislandi.com\/is\/","og_locale":"is_IS","og_type":"article","og_title":"[:en]Top-Rated Online Casino Options in Iceland for 2024[:is]Bestu valkostir \u00e1 netinu spilav\u00edtum \u00e1 \u00cdslandi fyrir 2024[:]","og_description":"[:en]Discover the top-rated online casino options in Iceland for 2024. Explore the best casinos offering exciting games, generous bonuses, and secure gaming experiences.[:is]Uppg\u00f6tva\u00f0u bestu valkostina fyrir netspilav\u00edti \u00e1 \u00cdslandi fyrir 2024. Kynntu \u00fe\u00e9r bestu spilav\u00edtin sem bj\u00f3\u00f0a upp \u00e1 spennandi leiki, rausnarlegar b\u00f3nusa og \u00f6rugga spilunarupplifun[:]","og_url":"https:\/\/bestuspilavitumaislandi.com\/is\/","og_site_name":"bestuspilavitumaislandi","article_modified_time":"2024-06-21T13:03:51+00:00","twitter_card":"summary_large_image","schema":{"@context":"https:\/\/schema.org","@graph":[{"@type":"WebPage","@id":"https:\/\/bestuspilavitumaislandi.com\/","url":"https:\/\/bestuspilavitumaislandi.com\/","name":"Bestu valkostir \u00e1 netinu spilav\u00edtum \u00e1 \u00cdslandi fyrir 2024","isPartOf":{"@id":"https:\/\/bestuspilavitumaislandi.com\/#website"},"datePublished":"2024-05-10T20:13:47+00:00","dateModified":"2024-06-21T13:03:51+00:00","description":"Uppg\u00f6tva\u00f0u bestu valkostina fyrir netspilav\u00edti \u00e1 \u00cdslandi fyrir 2024. Kynntu \u00fe\u00e9r bestu spilav\u00edtin sem bj\u00f3\u00f0a upp \u00e1 spennandi leiki, rausnarlegar b\u00f3nusa og \u00f6rugga spilunarupplifun","breadcrumb":{"@id":"https:\/\/bestuspilavitumaislandi.com\/#breadcrumb"},"inLanguage":"is-IS","potentialAction":[{"@type":"ReadAction","target":["https:\/\/bestuspilavitumaislandi.com\/"]}]},{"@type":"BreadcrumbList","@id":"https:\/\/bestuspilavitumaislandi.com\/#breadcrumb","itemListElement":[{"@type":"ListItem","position":1,"name":"\u0413\u043b\u0430\u0432\u043d\u0430\u044f \u0441\u0442\u0440\u0430\u043d\u0438\u0446\u0430","item":"https:\/\/bestuspilavitumaislandi.com\/"},{"@type":"ListItem","position":2,"name":"Home page"}]},{"@type":"WebSite","@id":"https:\/\/bestuspilavitumaislandi.com\/#website","url":"https:\/\/bestuspilavitumaislandi.com\/","name":"bestuspilavitumaislandi","description":"","potentialAction":[{"@type":"SearchAction","target":{"@type":"EntryPoint","urlTemplate":"https:\/\/bestuspilavitumaislandi.com\/?s={search_term_string}"},"query-input":{"@type":"PropertyValueSpecification","valueRequired":true,"valueName":"search_term_string"}}],"inLanguage":"is-IS"}]}},"_links":{"self":[{"href":"https:\/\/bestuspilavitumaislandi.com\/is\/wp-json\/wp\/v2\/pages\/6","targetHints":{"allow":["GET"]}}],"collection":[{"href":"https:\/\/bestuspilavitumaislandi.com\/is\/wp-json\/wp\/v2\/pages"}],"about":[{"href":"https:\/\/bestuspilavitumaislandi.com\/is\/wp-json\/wp\/v2\/types\/page"}],"author":[{"embeddable":true,"href":"https:\/\/bestuspilavitumaislandi.com\/is\/wp-json\/wp\/v2\/users\/1"}],"replies":[{"embeddable":true,"href":"https:\/\/bestuspilavitumaislandi.com\/is\/wp-json\/wp\/v2\/comments?post=6"}],"version-history":[{"count":34,"href":"https:\/\/bestuspilavitumaislandi.com\/is\/wp-json\/wp\/v2\/pages\/6\/revisions"}],"predecessor-version":[{"id":494,"href":"https:\/\/bestuspilavitumaislandi.com\/is\/wp-json\/wp\/v2\/pages\/6\/revisions\/494"}],"wp:attachment":[{"href":"https:\/\/bestuspilavitumaislandi.com\/is\/wp-json\/wp\/v2\/media?parent=6"}],"curies":[{"name":"wp","href":"https:\/\/api.w.org\/{rel}","templated":true}]}}